{"id":3,"date":"2025-06-09T18:08:34","date_gmt":"2025-06-09T16:08:34","guid":{"rendered":"https:\/\/aetcnettoyage.fr\/?page_id=3"},"modified":"2025-10-11T19:14:49","modified_gmt":"2025-10-11T17:14:49","slug":"politique-de-confidentialite","status":"publish","type":"page","link":"https:\/\/aetcnettoyage.fr\/index.php\/politique-de-confidentialite\/","title":{"rendered":"Politique de confidentialit\u00e9"},"content":{"rendered":"\t\t<div data-elementor-type=\"wp-page\" data-elementor-id=\"3\" class=\"elementor elementor-3\">\n\t\t\t\t<div class=\"elementor-element elementor-element-5c25ceb0 e-flex e-con-boxed e-con e-parent\" data-id=\"5c25ceb0\" data-element_type=\"container\">\n\t\t\t\t\t<div class=\"e-con-inner\">\n\t\t\t\t<div class=\"elementor-element elementor-element-31c90d55 elementor-widget elementor-widget-text-editor\" data-id=\"31c90d55\" data-element_type=\"widget\" data-widget_type=\"text-editor.default\">\n\t\t\t\t<div class=\"elementor-widget-container\">\n\t\t\t\t\t\t\t\t\t\n<h2 class=\"wp-block-heading\">Introduction<\/h2>\n\n<p>Le site web <strong>www.aetcnettoyage.fr<\/strong> est d\u00e9tenu par <strong>A&amp;C Nettoyage<\/strong> SARL, qui contr\u00f4le \u00e0 ce titre vos donn\u00e9es personnelles qui pourraient transiter par ce site. A&amp;C Nettoyage SARL n&rsquo;est pas qu&rsquo;une soci\u00e9t\u00e9 mais \u00e9galement un nom qui d\u00e9signe le nom du site Internet, proposant du contenu accessible en ligne.<\/p>\n<p>Chez <strong>A&amp;C Nettoyage<\/strong>, nous croyons aux bienfaits de <strong><span style=\"text-decoration: underline;\">l&rsquo;\u00e9cosyst\u00e8me r\u00e9gional et mettons un point d&rsquo;exergue \u00e0 \u00e9viter le pi\u00e8ge des <a href=\"https:\/\/www.lemondeinformatique.fr\/actualites\/lire-les-acteurs-francais-du-cloud-a-l-unisson-contre-le-principe-d-extraterritorialite-87389.html\">lois d&rsquo;extraterritorialit\u00e9<\/a><\/span><\/strong>. <br \/>Nous nous sommes document\u00e9s et avons fait le maximum pour h\u00e9berger le site en <strong>France<\/strong> et administrer celui-ci par l&rsquo;interm\u00e9diaire d&rsquo;un prestataire qui en est ressortissant:<\/p>\n<p><strong>OVH (SASU)<\/strong><br \/><strong>2 Rue Kellermann &#8211; BP 80157<\/strong><br \/><strong>59053 ROUBAIX &#8211; France<\/strong><\/p>\n<p>Nous avons adopt\u00e9 cette politique de confidentialit\u00e9, qui d\u00e9termine la mani\u00e8re dont nous traitons les informations collect\u00e9es par <strong>www.aetcnettoyage.fr<\/strong>, qui fournit \u00e9galement les raisons pour lesquelles nous devons collecter certaines donn\u00e9es personnelles vous concernant. Par cons\u00e9quent, il est recommand\u00e9 de lire cette politique de confidentialit\u00e9 avant d&rsquo;utiliser le site web de <strong>www.aetcnettoyage.fr<\/strong>.<\/p>\n<p>Nous prenons soin de vos donn\u00e9es personnelles et nous nous engageons \u00e0 en garantir la confidentialit\u00e9 et la s\u00e9curit\u00e9.<\/p>\n\n<h2 class=\"wp-block-heading\">Objectifs<\/h2>\n<p>Ce site internet a pour objectif de vous pr\u00e9senter les activit\u00e9s de <strong>A&amp;C Nettoyage<\/strong>. Les informations qui y sont pr\u00e9sent\u00e9s sont d&rsquo;ordre g\u00e9n\u00e9ral, sans garantie d&rsquo;ad\u00e9quation \u00e0 un besoin particulier d&rsquo;utilisation.<br \/>Elles sont susceptibles d&rsquo;\u00eatre modifi\u00e9es ou supprim\u00e9es, \u00e0 tout moment et sans pr\u00e9avis.<br \/>Pour toute remarque ou suggestion, merci de bien vouloir remplir le formulaire de contact \u00e0 l&rsquo;adresse : <a href=\"https:\/\/aetcnettoyage.fr\/index.php\/nous-contacter\/\"><strong>https:\/\/www.aetcnettoyage.fr\/nous-contacter<\/strong><\/a>.<\/p>\n<h2 class=\"wp-block-heading\">Vos droits<\/h2>\n\n<p>Si vous \u00eates un r\u00e9sident europ\u00e9en, vous disposez des droits suivants li\u00e9s \u00e0 vos donn\u00e9es personnelles :<\/p>\n<p>Le droit d&rsquo;\u00eatre inform\u00e9.<br \/>Le droit d&rsquo;acc\u00e8s.<br \/>Le droit de rectification.<br \/>Le droit \u00e0 l&rsquo;effacement.<br \/>Le droit de restreindre le traitement.<br \/>Le droit \u00e0 la portabilit\u00e9 des donn\u00e9es.<br \/>Le droit d&rsquo;opposition.<br \/>Les droits relatifs \u00e0 la prise de d\u00e9cision automatis\u00e9e et au profilage.<br \/>Si vous souhaitez exercer ce droit, veuillez nous contacter via les coordonn\u00e9es ci-dessous.<\/p>\n<p>En outre, si vous \u00eates un r\u00e9sident europ\u00e9en, nous notons que nous traitons vos informations afin d&rsquo;ex\u00e9cuter les contrats que nous pourrions avoir avec vous (par exemple, si vous passez une commande par le biais du site), ou autrement pour poursuivre nos int\u00e9r\u00eats commerciaux l\u00e9gitimes \u00e9num\u00e9r\u00e9s ci-dessus.<\/p>\n\n<h2 class=\"wp-block-heading\">Cookies<\/h2>\n\n<p><strong>Les informations personnelles que nous collectons :<\/strong><br \/>Lorsque vous visitez le <strong>www.aetcnettoyage.fr<\/strong>, nous recueillons automatiquement certaines informations sur votre appareil, notamment des informations sur votre navigateur web, votre adresse IP, votre fuseau horaire et certains des cookies install\u00e9s sur votre appareil. En outre, lorsque vous naviguez sur le site, nous recueillons des informations sur les pages web ou les services que vous consultez, sur les sites web ou les termes de recherche qui vous ont renvoy\u00e9 au site et sur la mani\u00e8re dont vous interagissez avec le site. Nous d\u00e9signons ces informations collect\u00e9es automatiquement par le terme \u00ab\u00a0informations sur les appareils\u00a0\u00bb. En outre, nous pourrions collecter les donn\u00e9es personnelles que vous nous fournissez (y compris, mais sans s&rsquo;y limiter, le nom, le pr\u00e9nom, l&rsquo;adresse, les informations de paiement, etc.) lors de l&rsquo;inscription afin de pouvoir ex\u00e9cuter le contrat.<\/p>\n<p><strong>Pourquoi traitons-nous vos donn\u00e9es ?<\/strong><br \/>Notre priorit\u00e9 absolue est la s\u00e9curit\u00e9 des donn\u00e9es des clients et, \u00e0 ce titre, nous ne pouvons traiter que des donn\u00e9es minimales sur les utilisateurs, uniquement dans la mesure o\u00f9 cela est absolument n\u00e9cessaire pour maintenir le site web. Les informations collect\u00e9es automatiquement sont utilis\u00e9es uniquement pour identifier les cas potentiels d&rsquo;abus et \u00e9tablir des informations statistiques concernant l&rsquo;utilisation du site web. Ces informations statistiques ne sont pas autrement agr\u00e9g\u00e9es de mani\u00e8re \u00e0 identifier un utilisateur particulier du syst\u00e8me.<\/p>\n<p>Vous pouvez visiter le site web sans nous dire qui vous \u00eates ni r\u00e9v\u00e9ler d&rsquo;informations, par lesquelles quelqu&rsquo;un pourrait vous identifier comme un individu sp\u00e9cifique et identifiable. Toutefois, si vous souhaitez utiliser certaines fonctionnalit\u00e9s du site web, ou si vous souhaitez recevoir notre lettre d&rsquo;information ou fournir d&rsquo;autres d\u00e9tails en remplissant un formulaire, vous pouvez nous fournir des donn\u00e9es personnelles, telles que votre e-mail, votre pr\u00e9nom, votre nom, votre ville de r\u00e9sidence, votre organisation, votre num\u00e9ro de t\u00e9l\u00e9phone. Vous pouvez choisir de ne pas nous fournir vos donn\u00e9es personnelles, mais il se peut alors que vous ne puissiez pas profiter de certaines fonctionnalit\u00e9s du site web. Par exemple, vous ne pourrez pas recevoir notre bulletin d&rsquo;information ou nous contacter directement \u00e0 partir du site web. Les utilisateurs qui ne savent pas quelles informations sont obligatoires sont invit\u00e9s \u00e0 nous contacter depuis le formulaire de contact \u00e0 l&rsquo;adresse : <strong><a href=\"https:\/\/aetcnettoyage.fr\/index.php\/nous-contacter\/\">https:\/\/www.aetcnettoyage.fr\/nous-contacter<\/a><\/strong>.<\/p>\n\n<h2 class=\"wp-block-heading\">Contenu embarqu\u00e9 depuis d\u2019autres sites<\/h2>\n\n<p>Notre site web peut contenir des liens vers d&rsquo;autres sites web qui ne sont pas d\u00e9tenus ou contr\u00f4l\u00e9s par nous. Sachez que nous ne sommes pas responsables de ces autres sites web ou des pratiques de confidentialit\u00e9 des tiers. Nous vous encourageons \u00e0 \u00eatre attentif lorsque vous quittez notre site web et \u00e0 lire les d\u00e9clarations de confidentialit\u00e9 de chaque site web susceptible de collecter des informations personnelles.<\/p>\n\n<h2 class=\"wp-block-heading\">S\u00e9curit\u00e9 de l&rsquo;information<\/h2>\n<p>Nous s\u00e9curisons les informations que vous fournissez sur des serveurs informatiques dans un environnement contr\u00f4l\u00e9 et s\u00e9curis\u00e9, prot\u00e9g\u00e9 contre tout acc\u00e8s, utilisation ou divulgation non autoris\u00e9s. Nous conservons des garanties administratives, techniques et physiques raisonnables pour nous prot\u00e9ger contre tout acc\u00e8s, utilisation, modification et divulgation non autoris\u00e9s des donn\u00e9es personnelles sous son contr\u00f4le et sa garde. Toutefois, aucune transmission de donn\u00e9es sur Internet ou sur un r\u00e9seau sans fil ne peut \u00eatre garantie.<\/p>\n<p><strong>Pour assurer la s\u00e9curit\u00e9 de vos renseignements personnels, nous avons recours aux mesures suivantes :<\/strong><br \/>Protocole SSL\/TLS<br \/>Gestion des acc\u00e8s &#8211; personne autoris\u00e9e<br \/>Logiciel de surveillance r\u00e9seau<br \/>Sauvegardes informatique<br \/>Identifiant \/ mot de passe \/ Authentification double facteurs (TOTP)<br \/>Pare-feu<br \/>Base de donn\u00e9es non accessible depuis Internet<br \/>Nous nous engageons \u00e0 maintenir un haut degr\u00e9 de confidentialit\u00e9 en int\u00e9grant les derni\u00e8res innovations technologiques permettant d\u2019assurer la confidentialit\u00e9 de vos transactions. Toutefois, comme aucun m\u00e9canisme n\u2019offre une s\u00e9curit\u00e9 maximale, une part de risque est toujours pr\u00e9sente lorsque l\u2019on utilise Internet pour transmettre des renseignements personnels.<\/p>\n<h2 class=\"wp-block-heading\">Divulgation l\u00e9gale:<\/h2>\n<p>Nous divulguerons toute information que nous collectons, utilisons ou recevons si la loi l&rsquo;exige ou l&rsquo;autorise, par exemple pour nous conformer \u00e0 une citation \u00e0 compara\u00eetre ou \u00e0 une proc\u00e9dure judiciaire similaire, et lorsque nous pensons de bonne foi que la divulgation est n\u00e9cessaire pour prot\u00e9ger nos droits, votre s\u00e9curit\u00e9 ou celle d&rsquo;autrui, enqu\u00eater sur une fraude ou r\u00e9pondre \u00e0 une demande du gouvernement.<\/p>\n\n<h2 class=\"wp-block-heading\"><br \/>Informations de contact<\/h2>\n<p>Si vous souhaitez nous contacter pour comprendre davantage la pr\u00e9sente politique ou si vous souhaitez nous contacter concernant toute question relative aux droits individuels et \u00e0 vos informations personnelles, vous pouvez nous contacter depuis le formulaire de contact \u00e0 l&rsquo;adresse : <a href=\"https:\/\/aetcnettoyage.fr\/index.php\/nous-contacter\/\">https:\/\/www.aetcnettoyage.fr\/nous-contacter<\/a>.<\/p>\n\n<p>\u00a0<\/p>\n\n<p>\u00a0<\/p>\t\t\t\t\t\t\t\t<\/div>\n\t\t\t\t<\/div>\n\t\t\t\t\t<\/div>\n\t\t\t\t<\/div>\n\t\t\t\t<\/div>\n\t\t","protected":false},"excerpt":{"rendered":"<p>Introduction Le site web www.aetcnettoyage.fr est d\u00e9tenu par A&amp;C Nettoyage SARL, qui contr\u00f4le \u00e0 ce titre vos donn\u00e9es personnelles qui pourraient transiter par ce site. A&amp;C Nettoyage SARL n&rsquo;est pas qu&rsquo;une soci\u00e9t\u00e9 mais \u00e9galement un nom qui d\u00e9signe le nom du site Internet, proposant du contenu accessible en ligne. Chez A&amp;C Nettoyage, nous croyons aux [&hellip;]<\/p>\n","protected":false},"author":1,"featured_media":0,"parent":0,"menu_order":0,"comment_status":"closed","ping_status":"open","template":"","meta":{"ocean_post_layout":"","ocean_both_sidebars_style":"","ocean_both_sidebars_content_width":0,"ocean_both_sidebars_sidebars_width":0,"ocean_sidebar":"","ocean_second_sidebar":"","ocean_disable_margins":"enable","ocean_add_body_class":"","ocean_shortcode_before_top_bar":"","ocean_shortcode_after_top_bar":"","ocean_shortcode_before_header":"","ocean_shortcode_after_header":"","ocean_has_shortcode":"","ocean_shortcode_after_title":"","ocean_shortcode_before_footer_widgets":"","ocean_shortcode_after_footer_widgets":"","ocean_shortcode_before_footer_bottom":"","ocean_shortcode_after_footer_bottom":"","ocean_display_top_bar":"default","ocean_display_header":"default","ocean_header_style":"","ocean_center_header_left_menu":"","ocean_custom_header_template":"","ocean_custom_logo":0,"ocean_custom_retina_logo":0,"ocean_custom_logo_max_width":0,"ocean_custom_logo_tablet_max_width":0,"ocean_custom_logo_mobile_max_width":0,"ocean_custom_logo_max_height":0,"ocean_custom_logo_tablet_max_height":0,"ocean_custom_logo_mobile_max_height":0,"ocean_header_custom_menu":"","ocean_menu_typo_font_family":"","ocean_menu_typo_font_subset":"","ocean_menu_typo_font_size":0,"ocean_menu_typo_font_size_tablet":0,"ocean_menu_typo_font_size_mobile":0,"ocean_menu_typo_font_size_unit":"px","ocean_menu_typo_font_weight":"","ocean_menu_typo_font_weight_tablet":"","ocean_menu_typo_font_weight_mobile":"","ocean_menu_typo_transform":"","ocean_menu_typo_transform_tablet":"","ocean_menu_typo_transform_mobile":"","ocean_menu_typo_line_height":0,"ocean_menu_typo_line_height_tablet":0,"ocean_menu_typo_line_height_mobile":0,"ocean_menu_typo_line_height_unit":"","ocean_menu_typo_spacing":0,"ocean_menu_typo_spacing_tablet":0,"ocean_menu_typo_spacing_mobile":0,"ocean_menu_typo_spacing_unit":"","ocean_menu_link_color":"","ocean_menu_link_color_hover":"","ocean_menu_link_color_active":"","ocean_menu_link_background":"","ocean_menu_link_hover_background":"","ocean_menu_link_active_background":"","ocean_menu_social_links_bg":"","ocean_menu_social_hover_links_bg":"","ocean_menu_social_links_color":"","ocean_menu_social_hover_links_color":"","ocean_disable_title":"on","ocean_disable_heading":"default","ocean_post_title":"","ocean_post_subheading":"","ocean_post_title_style":"","ocean_post_title_background_color":"","ocean_post_title_background":0,"ocean_post_title_bg_image_position":"","ocean_post_title_bg_image_attachment":"","ocean_post_title_bg_image_repeat":"","ocean_post_title_bg_image_size":"","ocean_post_title_height":0,"ocean_post_title_bg_overlay":0.5,"ocean_post_title_bg_overlay_color":"","ocean_disable_breadcrumbs":"default","ocean_breadcrumbs_color":"","ocean_breadcrumbs_separator_color":"","ocean_breadcrumbs_links_color":"","ocean_breadcrumbs_links_hover_color":"","ocean_display_footer_widgets":"default","ocean_display_footer_bottom":"default","ocean_custom_footer_template":"","footnotes":""},"class_list":["post-3","page","type-page","status-publish","hentry","entry"],"yoast_head":"<!-- This site is optimized with the Yoast SEO plugin v26.1.1 - https:\/\/yoast.com\/wordpress\/plugins\/seo\/ -->\n<title>Politique de confidentialit\u00e9 - A&amp;C Nettoyage<\/title>\n<meta name=\"description\" content=\"Nous mettons en place une politique de confidentialit\u00e9. Avec une priorisation autour de l&#039;h\u00e9bergement souverain, A&amp;C Nettoyage respecte les enjeux de la confidentialit\u00e9, de la s\u00e9curit\u00e9 et de l&#039;extra-territorialit\u00e9 pour vos donn\u00e9es.\" \/>\n<meta name=\"robots\" content=\"index, follow, max-snippet:-1, max-image-preview:large, max-video-preview:-1\" \/>\n<link rel=\"canonical\" href=\"https:\/\/aetcnettoyage.fr\/index.php\/politique-de-confidentialite\/\" \/>\n<meta property=\"og:locale\" content=\"fr_FR\" \/>\n<meta property=\"og:type\" content=\"article\" \/>\n<meta property=\"og:title\" content=\"Politique de confidentialit\u00e9 - A&amp;C Nettoyage\" \/>\n<meta property=\"og:description\" content=\"Nous mettons en place une politique de confidentialit\u00e9. Avec une priorisation autour de l&#039;h\u00e9bergement souverain, A&amp;C Nettoyage respecte les enjeux de la confidentialit\u00e9, de la s\u00e9curit\u00e9 et de l&#039;extra-territorialit\u00e9 pour vos donn\u00e9es.\" \/>\n<meta property=\"og:url\" content=\"https:\/\/aetcnettoyage.fr\/index.php\/politique-de-confidentialite\/\" \/>\n<meta property=\"og:site_name\" content=\"A&amp;C Nettoyage\" \/>\n<meta property=\"article:modified_time\" content=\"2025-10-11T17:14:49+00:00\" \/>\n<meta name=\"twitter:card\" content=\"summary_large_image\" \/>\n<meta name=\"twitter:label1\" content=\"Dur\u00e9e de lecture estim\u00e9e\" \/>\n\t<meta name=\"twitter:data1\" content=\"6 minutes\" \/>\n<script type=\"application\/ld+json\" class=\"yoast-schema-graph\">{\"@context\":\"https:\/\/schema.org\",\"@graph\":[{\"@type\":\"WebPage\",\"@id\":\"https:\/\/aetcnettoyage.fr\/index.php\/politique-de-confidentialite\/\",\"url\":\"https:\/\/aetcnettoyage.fr\/index.php\/politique-de-confidentialite\/\",\"name\":\"Politique de confidentialit\u00e9 - A&amp;C Nettoyage\",\"isPartOf\":{\"@id\":\"https:\/\/aetcnettoyage.fr\/#website\"},\"datePublished\":\"2025-06-09T16:08:34+00:00\",\"dateModified\":\"2025-10-11T17:14:49+00:00\",\"description\":\"Nous mettons en place une politique de confidentialit\u00e9. Avec une priorisation autour de l'h\u00e9bergement souverain, A&C Nettoyage respecte les enjeux de la confidentialit\u00e9, de la s\u00e9curit\u00e9 et de l'extra-territorialit\u00e9 pour vos donn\u00e9es.\",\"breadcrumb\":{\"@id\":\"https:\/\/aetcnettoyage.fr\/index.php\/politique-de-confidentialite\/#breadcrumb\"},\"inLanguage\":\"fr-FR\",\"potentialAction\":[{\"@type\":\"ReadAction\",\"target\":[\"https:\/\/aetcnettoyage.fr\/index.php\/politique-de-confidentialite\/\"]}]},{\"@type\":\"BreadcrumbList\",\"@id\":\"https:\/\/aetcnettoyage.fr\/index.php\/politique-de-confidentialite\/#breadcrumb\",\"itemListElement\":[{\"@type\":\"ListItem\",\"position\":1,\"name\":\"Accueil\",\"item\":\"https:\/\/aetcnettoyage.fr\/\"},{\"@type\":\"ListItem\",\"position\":2,\"name\":\"Politique de confidentialit\u00e9\"}]},{\"@type\":\"WebSite\",\"@id\":\"https:\/\/aetcnettoyage.fr\/#website\",\"url\":\"https:\/\/aetcnettoyage.fr\/\",\"name\":\"A&amp;C Nettoyage\",\"description\":\"La propret\u00e9 \u00e0 vos c\u00f4t\u00e9s\",\"publisher\":{\"@id\":\"https:\/\/aetcnettoyage.fr\/#organization\"},\"potentialAction\":[{\"@type\":\"SearchAction\",\"target\":{\"@type\":\"EntryPoint\",\"urlTemplate\":\"https:\/\/aetcnettoyage.fr\/?s={search_term_string}\"},\"query-input\":{\"@type\":\"PropertyValueSpecification\",\"valueRequired\":true,\"valueName\":\"search_term_string\"}}],\"inLanguage\":\"fr-FR\"},{\"@type\":\"Organization\",\"@id\":\"https:\/\/aetcnettoyage.fr\/#organization\",\"name\":\"A&C Nettoyage\",\"alternateName\":\"A&C Nettoyage SARL\",\"url\":\"https:\/\/aetcnettoyage.fr\/\",\"logo\":{\"@type\":\"ImageObject\",\"inLanguage\":\"fr-FR\",\"@id\":\"https:\/\/aetcnettoyage.fr\/#\/schema\/logo\/image\/\",\"url\":\"https:\/\/aetcnettoyage.fr\/wp-content\/uploads\/2025\/10\/cropped-Logo-scaled-1.webp\",\"contentUrl\":\"https:\/\/aetcnettoyage.fr\/wp-content\/uploads\/2025\/10\/cropped-Logo-scaled-1.webp\",\"width\":2558,\"height\":1044,\"caption\":\"A&C Nettoyage\"},\"image\":{\"@id\":\"https:\/\/aetcnettoyage.fr\/#\/schema\/logo\/image\/\"},\"sameAs\":[\"https:\/\/fr.linkedin.com\/in\/ac-nettoyage-158708386\"]}]}<\/script>\n<!-- \/ Yoast SEO plugin. -->","yoast_head_json":{"title":"Politique de confidentialit\u00e9 - A&amp;C Nettoyage","description":"Nous mettons en place une politique de confidentialit\u00e9. Avec une priorisation autour de l'h\u00e9bergement souverain, A&C Nettoyage respecte les enjeux de la confidentialit\u00e9, de la s\u00e9curit\u00e9 et de l'extra-territorialit\u00e9 pour vos donn\u00e9es.","robots":{"index":"index","follow":"follow","max-snippet":"max-snippet:-1","max-image-preview":"max-image-preview:large","max-video-preview":"max-video-preview:-1"},"canonical":"https:\/\/aetcnettoyage.fr\/index.php\/politique-de-confidentialite\/","og_locale":"fr_FR","og_type":"article","og_title":"Politique de confidentialit\u00e9 - A&amp;C Nettoyage","og_description":"Nous mettons en place une politique de confidentialit\u00e9. Avec une priorisation autour de l'h\u00e9bergement souverain, A&C Nettoyage respecte les enjeux de la confidentialit\u00e9, de la s\u00e9curit\u00e9 et de l'extra-territorialit\u00e9 pour vos donn\u00e9es.","og_url":"https:\/\/aetcnettoyage.fr\/index.php\/politique-de-confidentialite\/","og_site_name":"A&amp;C Nettoyage","article_modified_time":"2025-10-11T17:14:49+00:00","twitter_card":"summary_large_image","twitter_misc":{"Dur\u00e9e de lecture estim\u00e9e":"6 minutes"},"schema":{"@context":"https:\/\/schema.org","@graph":[{"@type":"WebPage","@id":"https:\/\/aetcnettoyage.fr\/index.php\/politique-de-confidentialite\/","url":"https:\/\/aetcnettoyage.fr\/index.php\/politique-de-confidentialite\/","name":"Politique de confidentialit\u00e9 - A&amp;C Nettoyage","isPartOf":{"@id":"https:\/\/aetcnettoyage.fr\/#website"},"datePublished":"2025-06-09T16:08:34+00:00","dateModified":"2025-10-11T17:14:49+00:00","description":"Nous mettons en place une politique de confidentialit\u00e9. Avec une priorisation autour de l'h\u00e9bergement souverain, A&C Nettoyage respecte les enjeux de la confidentialit\u00e9, de la s\u00e9curit\u00e9 et de l'extra-territorialit\u00e9 pour vos donn\u00e9es.","breadcrumb":{"@id":"https:\/\/aetcnettoyage.fr\/index.php\/politique-de-confidentialite\/#breadcrumb"},"inLanguage":"fr-FR","potentialAction":[{"@type":"ReadAction","target":["https:\/\/aetcnettoyage.fr\/index.php\/politique-de-confidentialite\/"]}]},{"@type":"BreadcrumbList","@id":"https:\/\/aetcnettoyage.fr\/index.php\/politique-de-confidentialite\/#breadcrumb","itemListElement":[{"@type":"ListItem","position":1,"name":"Accueil","item":"https:\/\/aetcnettoyage.fr\/"},{"@type":"ListItem","position":2,"name":"Politique de confidentialit\u00e9"}]},{"@type":"WebSite","@id":"https:\/\/aetcnettoyage.fr\/#website","url":"https:\/\/aetcnettoyage.fr\/","name":"A&amp;C Nettoyage","description":"La propret\u00e9 \u00e0 vos c\u00f4t\u00e9s","publisher":{"@id":"https:\/\/aetcnettoyage.fr\/#organization"},"potentialAction":[{"@type":"SearchAction","target":{"@type":"EntryPoint","urlTemplate":"https:\/\/aetcnettoyage.fr\/?s={search_term_string}"},"query-input":{"@type":"PropertyValueSpecification","valueRequired":true,"valueName":"search_term_string"}}],"inLanguage":"fr-FR"},{"@type":"Organization","@id":"https:\/\/aetcnettoyage.fr\/#organization","name":"A&C Nettoyage","alternateName":"A&C Nettoyage SARL","url":"https:\/\/aetcnettoyage.fr\/","logo":{"@type":"ImageObject","inLanguage":"fr-FR","@id":"https:\/\/aetcnettoyage.fr\/#\/schema\/logo\/image\/","url":"https:\/\/aetcnettoyage.fr\/wp-content\/uploads\/2025\/10\/cropped-Logo-scaled-1.webp","contentUrl":"https:\/\/aetcnettoyage.fr\/wp-content\/uploads\/2025\/10\/cropped-Logo-scaled-1.webp","width":2558,"height":1044,"caption":"A&C Nettoyage"},"image":{"@id":"https:\/\/aetcnettoyage.fr\/#\/schema\/logo\/image\/"},"sameAs":["https:\/\/fr.linkedin.com\/in\/ac-nettoyage-158708386"]}]}},"_links":{"self":[{"href":"https:\/\/aetcnettoyage.fr\/index.php\/wp-json\/wp\/v2\/pages\/3","targetHints":{"allow":["GET"]}}],"collection":[{"href":"https:\/\/aetcnettoyage.fr\/index.php\/wp-json\/wp\/v2\/pages"}],"about":[{"href":"https:\/\/aetcnettoyage.fr\/index.php\/wp-json\/wp\/v2\/types\/page"}],"author":[{"embeddable":true,"href":"https:\/\/aetcnettoyage.fr\/index.php\/wp-json\/wp\/v2\/users\/1"}],"replies":[{"embeddable":true,"href":"https:\/\/aetcnettoyage.fr\/index.php\/wp-json\/wp\/v2\/comments?post=3"}],"version-history":[{"count":11,"href":"https:\/\/aetcnettoyage.fr\/index.php\/wp-json\/wp\/v2\/pages\/3\/revisions"}],"predecessor-version":[{"id":356,"href":"https:\/\/aetcnettoyage.fr\/index.php\/wp-json\/wp\/v2\/pages\/3\/revisions\/356"}],"wp:attachment":[{"href":"https:\/\/aetcnettoyage.fr\/index.php\/wp-json\/wp\/v2\/media?parent=3"}],"curies":[{"name":"wp","href":"https:\/\/api.w.org\/{rel}","templated":true}]}}