{"id":29,"date":"2025-06-10T16:56:51","date_gmt":"2025-06-10T14:56:51","guid":{"rendered":"https:\/\/aetcnettoyage.fr\/?page_id=29"},"modified":"2025-10-11T21:53:48","modified_gmt":"2025-10-11T19:53:48","slug":"syndrome-de-noe","status":"publish","type":"page","link":"https:\/\/aetcnettoyage.fr\/index.php\/syndrome-de-noe\/","title":{"rendered":"Syndrome de No\u00e9"},"content":{"rendered":"\t\t<div data-elementor-type=\"wp-page\" data-elementor-id=\"29\" class=\"elementor elementor-29\">\n\t\t\t\t<div class=\"elementor-element elementor-element-e29f910 e-con-full e-flex e-con e-parent\" data-id=\"e29f910\" data-element_type=\"container\" data-settings=\"{&quot;background_background&quot;:&quot;classic&quot;}\">\n\t\t\t\t<div class=\"elementor-element elementor-element-90ba2a7 elementor-invisible elementor-widget elementor-widget-heading\" data-id=\"90ba2a7\" data-element_type=\"widget\" data-settings=\"{&quot;_animation&quot;:&quot;fadeIn&quot;}\" data-widget_type=\"heading.default\">\n\t\t\t\t<div class=\"elementor-widget-container\">\n\t\t\t\t\t<h2 class=\"elementor-heading-title elementor-size-default\">LE SYNDROME DE NOE: COMPRENDRE POUR MIEUX ACCOMPAGNER<\/h2>\t\t\t\t<\/div>\n\t\t\t\t<\/div>\n\t\t<div class=\"elementor-element elementor-element-d3c011c e-flex e-con-boxed e-con e-child\" data-id=\"d3c011c\" data-element_type=\"container\">\n\t\t\t\t\t<div class=\"e-con-inner\">\n\t\t\t\t<div class=\"elementor-element elementor-element-3066b7c elementor-widget elementor-widget-text-editor\" data-id=\"3066b7c\" data-element_type=\"widget\" data-settings=\"{&quot;_animation_mobile&quot;:&quot;fadeInUp&quot;}\" data-widget_type=\"text-editor.default\">\n\t\t\t\t<div class=\"elementor-widget-container\">\n\t\t\t\t\t\t\t\t\t<p>Le <strong>syndrome de No\u00e9<\/strong> est un trouble comportemental proche du syndrome de Diog\u00e8ne. Il se caract\u00e9rise par l\u2019accumulation compulsive d\u2019animaux au sein du domicile, souvent dans des conditions d\u2019hygi\u00e8ne tr\u00e8s d\u00e9grad\u00e9es.<br \/>Les personnes atteintes de ce syndrome recueillent un grand nombre d\u2019animaux (chiens, chats, oiseaux, etc.), sans pouvoir leur offrir les soins, l\u2019alimentation ou l\u2019espace n\u00e9cessaires.<\/p><p>Au-del\u00e0 de la souffrance animale, ce trouble entra\u00eene rapidement une insalubrit\u00e9 importante : odeurs persistantes, d\u00e9gradations des surfaces, accumulation de d\u00e9jections et prolif\u00e9ration de parasites.<\/p><p>Une intervention sp\u00e9cialis\u00e9e est alors indispensable, alliant :<\/p><ul><li>Le <strong>respect de la personne concern\u00e9e<\/strong>, qui a souvent besoin d\u2019accompagnement psychologique.<\/li><li>Le <strong>bien-\u00eatre animal<\/strong>, en collaboration avec des associations ou services comp\u00e9tents.<\/li><li>Un <strong>nettoyage et une d\u00e9sinfection en profondeur<\/strong>, pour rendre le logement \u00e0 nouveau habitable.<\/li><\/ul><p>Le <strong>nettoyage li\u00e9 au syndrome de No\u00e9<\/strong> ne se limite pas \u00e0 une simple intervention technique : c\u2019est un travail d\u00e9licat qui doit conjuguer <strong>\u00e9coute, respect et professionnalisme<\/strong>.<\/p>\t\t\t\t\t\t\t\t<\/div>\n\t\t\t\t<\/div>\n\t\t\t\t\t<\/div>\n\t\t\t\t<\/div>\n\t\t\t\t<\/div>\n\t\t<div class=\"elementor-element elementor-element-c1c30ac e-grid e-con-full e-con e-parent\" data-id=\"c1c30ac\" data-element_type=\"container\">\n\t\t\t\t<div class=\"elementor-element elementor-element-37c573c elementor-position-top elementor-invisible elementor-widget elementor-widget-image-box\" data-id=\"37c573c\" data-element_type=\"widget\" data-settings=\"{&quot;_animation&quot;:&quot;fadeInUp&quot;}\" data-widget_type=\"image-box.default\">\n\t\t\t\t<div class=\"elementor-widget-container\">\n\t\t\t\t\t<div class=\"elementor-image-box-wrapper\"><figure class=\"elementor-image-box-img\"><img fetchpriority=\"high\" decoding=\"async\" width=\"512\" height=\"512\" src=\"https:\/\/aetcnettoyage.fr\/wp-content\/uploads\/2025\/10\/help.png\" class=\"attachment-full size-full wp-image-235\" alt=\"\" srcset=\"https:\/\/aetcnettoyage.fr\/wp-content\/uploads\/2025\/10\/help.png 512w, https:\/\/aetcnettoyage.fr\/wp-content\/uploads\/2025\/10\/help-300x300.png 300w, https:\/\/aetcnettoyage.fr\/wp-content\/uploads\/2025\/10\/help-150x150.png 150w\" sizes=\"(max-width: 512px) 100vw, 512px\" \/><\/figure><div class=\"elementor-image-box-content\"><h3 class=\"elementor-image-box-title\">1 -  L\u2019accompagnement humain<\/h3><p class=\"elementor-image-box-description\">Approche bienveillante et sans jugement : les personnes concern\u00e9es sont souvent en grande d\u00e9tresse psychologique.\n\n\nCollaboration avec la famille, les services sociaux ou m\u00e9dicaux : afin d\u2019apporter un soutien durable.\n\n\n Respect du rythme et de la dignit\u00e9 : l\u2019objectif n\u2019est pas seulement de nettoyer, mais aussi d\u2019aider la personne \u00e0 retrouver un cadre de vie plus serein.<\/p><\/div><\/div>\t\t\t\t<\/div>\n\t\t\t\t<\/div>\n\t\t\t\t<div class=\"elementor-element elementor-element-b18640d elementor-position-top elementor-invisible elementor-widget elementor-widget-image-box\" data-id=\"b18640d\" data-element_type=\"widget\" data-settings=\"{&quot;_animation&quot;:&quot;fadeInUp&quot;}\" data-widget_type=\"image-box.default\">\n\t\t\t\t<div class=\"elementor-widget-container\">\n\t\t\t\t\t<div class=\"elementor-image-box-wrapper\"><figure class=\"elementor-image-box-img\"><img decoding=\"async\" width=\"512\" height=\"512\" src=\"https:\/\/aetcnettoyage.fr\/wp-content\/uploads\/2025\/10\/blind.png\" class=\"attachment-full size-full wp-image-236\" alt=\"\" srcset=\"https:\/\/aetcnettoyage.fr\/wp-content\/uploads\/2025\/10\/blind.png 512w, https:\/\/aetcnettoyage.fr\/wp-content\/uploads\/2025\/10\/blind-300x300.png 300w, https:\/\/aetcnettoyage.fr\/wp-content\/uploads\/2025\/10\/blind-150x150.png 150w\" sizes=\"(max-width: 512px) 100vw, 512px\" \/><\/figure><div class=\"elementor-image-box-content\"><h3 class=\"elementor-image-box-title\">2 - La gestion des animaux<\/h3><p class=\"elementor-image-box-description\">Coordination avec des associations, v\u00e9t\u00e9rinaires ou refuges pour assurer la prise en charge adapt\u00e9e des animaux.\n\n\nPriorit\u00e9 au bien-\u00eatre animal, dans le respect de la r\u00e9glementation.<\/p><\/div><\/div>\t\t\t\t<\/div>\n\t\t\t\t<\/div>\n\t\t\t\t<div class=\"elementor-element elementor-element-4759752 elementor-position-top elementor-invisible elementor-widget elementor-widget-image-box\" data-id=\"4759752\" data-element_type=\"widget\" data-settings=\"{&quot;_animation&quot;:&quot;fadeInUp&quot;}\" data-widget_type=\"image-box.default\">\n\t\t\t\t<div class=\"elementor-widget-container\">\n\t\t\t\t\t<div class=\"elementor-image-box-wrapper\"><figure class=\"elementor-image-box-img\"><img decoding=\"async\" width=\"272\" height=\"253\" src=\"https:\/\/aetcnettoyage.fr\/wp-content\/uploads\/2025\/06\/cropped-icone_AC-1.png\" class=\"attachment-full size-full wp-image-49\" alt=\"\" \/><\/figure><div class=\"elementor-image-box-content\"><h3 class=\"elementor-image-box-title\">3 -  Le nettoyage et la d\u00e9sinfection<\/h3><p class=\"elementor-image-box-description\">Tri et \u00e9vacuation des d\u00e9chets, mobiliers et objets insalubres.\n\nNettoyage approfondi et d\u00e9sinfection pour \u00e9liminer bact\u00e9ries, parasites et odeurs persistantes.\n\nAssainissement complet du logement afin de le rendre de nouveau habitable et s\u00e9curis\u00e9.<\/p><\/div><\/div>\t\t\t\t<\/div>\n\t\t\t\t<\/div>\n\t\t\t\t<\/div>\n\t\t<div class=\"elementor-element elementor-element-83b82c5 e-con-full e-flex e-con e-parent\" data-id=\"83b82c5\" data-element_type=\"container\">\n\t\t<div class=\"elementor-element elementor-element-9c1d7f6 e-con-full e-flex e-con e-child\" data-id=\"9c1d7f6\" data-element_type=\"container\" data-settings=\"{&quot;background_background&quot;:&quot;classic&quot;}\">\n\t\t\t\t<div class=\"elementor-element elementor-element-8c4d63c elementor-widget elementor-widget-text-editor\" data-id=\"8c4d63c\" data-element_type=\"widget\" data-widget_type=\"text-editor.default\">\n\t\t\t\t<div class=\"elementor-widget-container\">\n\t\t\t\t\t\t\t\t\t<p>La propret\u00e9 \u00e0 vos c\u00f4t\u00e9s, c&rsquo;est notre mission. N&rsquo;h\u00e9sitez pas \u00e0 nous contacter.<\/p>\t\t\t\t\t\t\t\t<\/div>\n\t\t\t\t<\/div>\n\t\t\t\t<div class=\"elementor-element elementor-element-9e112bc elementor-mobile-align-center elementor-align-center elementor-widget elementor-widget-button\" data-id=\"9e112bc\" data-element_type=\"widget\" data-widget_type=\"button.default\">\n\t\t\t\t<div class=\"elementor-widget-container\">\n\t\t\t\t\t\t\t\t\t<div class=\"elementor-button-wrapper\">\n\t\t\t\t\t<a class=\"elementor-button elementor-button-link elementor-size-sm\" href=\"https:\/\/aetcnettoyage.fr\/index.php\/nous-contacter\/\">\n\t\t\t\t\t\t<span class=\"elementor-button-content-wrapper\">\n\t\t\t\t\t\t\t\t\t<span class=\"elementor-button-text\">Contactez nous<\/span>\n\t\t\t\t\t<\/span>\n\t\t\t\t\t<\/a>\n\t\t\t\t<\/div>\n\t\t\t\t\t\t\t\t<\/div>\n\t\t\t\t<\/div>\n\t\t\t\t<div class=\"elementor-element elementor-element-ebf7303 elementor-align-center elementor-widget__width-initial elementor-widget elementor-widget-button\" data-id=\"ebf7303\" data-element_type=\"widget\" data-settings=\"{&quot;_animation_tablet&quot;:&quot;fadeIn&quot;}\" data-widget_type=\"button.default\">\n\t\t\t\t<div class=\"elementor-widget-container\">\n\t\t\t\t\t\t\t\t\t<div class=\"elementor-button-wrapper\">\n\t\t\t\t\t<a class=\"elementor-button elementor-button-link elementor-size-sm\" href=\"https:\/\/aetcnettoyage.fr\/index.php\/politique-de-confidentialite\/\">\n\t\t\t\t\t\t<span class=\"elementor-button-content-wrapper\">\n\t\t\t\t\t\t\t\t\t<span class=\"elementor-button-text\">D\u00e9couvrez  notre Politique de Confidentialit\u00e9<\/span>\n\t\t\t\t\t<\/span>\n\t\t\t\t\t<\/a>\n\t\t\t\t<\/div>\n\t\t\t\t\t\t\t\t<\/div>\n\t\t\t\t<\/div>\n\t\t\t\t<\/div>\n\t\t\t\t<\/div>\n\t\t\t\t<\/div>\n\t\t","protected":false},"excerpt":{"rendered":"<p>LE SYNDROME DE NOE: COMPRENDRE POUR MIEUX ACCOMPAGNER Le syndrome de No\u00e9 est un trouble comportemental proche du syndrome de Diog\u00e8ne. Il se caract\u00e9rise par l\u2019accumulation compulsive d\u2019animaux au sein du domicile, souvent dans des conditions d\u2019hygi\u00e8ne tr\u00e8s d\u00e9grad\u00e9es.Les personnes atteintes de ce syndrome recueillent un grand nombre d\u2019animaux (chiens, chats, oiseaux, etc.), sans pouvoir [&hellip;]<\/p>\n","protected":false},"author":1,"featured_media":0,"parent":0,"menu_order":0,"comment_status":"closed","ping_status":"closed","template":"","meta":{"ocean_post_layout":"","ocean_both_sidebars_style":"","ocean_both_sidebars_content_width":0,"ocean_both_sidebars_sidebars_width":0,"ocean_sidebar":"","ocean_second_sidebar":"","ocean_disable_margins":"enable","ocean_add_body_class":"","ocean_shortcode_before_top_bar":"","ocean_shortcode_after_top_bar":"","ocean_shortcode_before_header":"","ocean_shortcode_after_header":"","ocean_has_shortcode":"","ocean_shortcode_after_title":"","ocean_shortcode_before_footer_widgets":"","ocean_shortcode_after_footer_widgets":"","ocean_shortcode_before_footer_bottom":"","ocean_shortcode_after_footer_bottom":"","ocean_display_top_bar":"default","ocean_display_header":"default","ocean_header_style":"","ocean_center_header_left_menu":"","ocean_custom_header_template":"","ocean_custom_logo":0,"ocean_custom_retina_logo":0,"ocean_custom_logo_max_width":0,"ocean_custom_logo_tablet_max_width":0,"ocean_custom_logo_mobile_max_width":0,"ocean_custom_logo_max_height":0,"ocean_custom_logo_tablet_max_height":0,"ocean_custom_logo_mobile_max_height":0,"ocean_header_custom_menu":"","ocean_menu_typo_font_family":"","ocean_menu_typo_font_subset":"","ocean_menu_typo_font_size":0,"ocean_menu_typo_font_size_tablet":0,"ocean_menu_typo_font_size_mobile":0,"ocean_menu_typo_font_size_unit":"px","ocean_menu_typo_font_weight":"","ocean_menu_typo_font_weight_tablet":"","ocean_menu_typo_font_weight_mobile":"","ocean_menu_typo_transform":"","ocean_menu_typo_transform_tablet":"","ocean_menu_typo_transform_mobile":"","ocean_menu_typo_line_height":0,"ocean_menu_typo_line_height_tablet":0,"ocean_menu_typo_line_height_mobile":0,"ocean_menu_typo_line_height_unit":"","ocean_menu_typo_spacing":0,"ocean_menu_typo_spacing_tablet":0,"ocean_menu_typo_spacing_mobile":0,"ocean_menu_typo_spacing_unit":"","ocean_menu_link_color":"","ocean_menu_link_color_hover":"","ocean_menu_link_color_active":"","ocean_menu_link_background":"","ocean_menu_link_hover_background":"","ocean_menu_link_active_background":"","ocean_menu_social_links_bg":"","ocean_menu_social_hover_links_bg":"","ocean_menu_social_links_color":"","ocean_menu_social_hover_links_color":"","ocean_disable_title":"on","ocean_disable_heading":"default","ocean_post_title":"","ocean_post_subheading":"","ocean_post_title_style":"","ocean_post_title_background_color":"","ocean_post_title_background":0,"ocean_post_title_bg_image_position":"","ocean_post_title_bg_image_attachment":"","ocean_post_title_bg_image_repeat":"","ocean_post_title_bg_image_size":"","ocean_post_title_height":0,"ocean_post_title_bg_overlay":0.5,"ocean_post_title_bg_overlay_color":"","ocean_disable_breadcrumbs":"default","ocean_breadcrumbs_color":"","ocean_breadcrumbs_separator_color":"","ocean_breadcrumbs_links_color":"","ocean_breadcrumbs_links_hover_color":"","ocean_display_footer_widgets":"default","ocean_display_footer_bottom":"default","ocean_custom_footer_template":"","footnotes":""},"class_list":["post-29","page","type-page","status-publish","hentry","entry"],"yoast_head":"<!-- This site is optimized with the Yoast SEO plugin v26.1.1 - https:\/\/yoast.com\/wordpress\/plugins\/seo\/ -->\n<title>Syndrome de No\u00e9 - A&amp;C Nettoyage<\/title>\n<meta name=\"description\" content=\"Le syndrome de No\u00e9 est un trouble comportemental proche du syndrome de Diog\u00e8ne. Il se caract\u00e9rise par l\u2019accumulation compulsive d\u2019animaux au sein du domicile, souvent dans des conditions d\u2019hygi\u00e8ne tr\u00e8s d\u00e9grad\u00e9es.Les personnes atteintes de ce syndrome recueillent un grand nombre d\u2019animaux (chiens, chats, oiseaux, etc.), sans pouvoir leur offrir les soins, l\u2019alimentation ou l\u2019espace n\u00e9cessaires.\" \/>\n<meta name=\"robots\" content=\"index, follow, max-snippet:-1, max-image-preview:large, max-video-preview:-1\" \/>\n<link rel=\"canonical\" href=\"https:\/\/aetcnettoyage.fr\/index.php\/syndrome-de-noe\/\" \/>\n<meta property=\"og:locale\" content=\"fr_FR\" \/>\n<meta property=\"og:type\" content=\"article\" \/>\n<meta property=\"og:title\" content=\"Syndrome de No\u00e9 - A&amp;C Nettoyage\" \/>\n<meta property=\"og:description\" content=\"Le syndrome de No\u00e9 est un trouble comportemental proche du syndrome de Diog\u00e8ne. Il se caract\u00e9rise par l\u2019accumulation compulsive d\u2019animaux au sein du domicile, souvent dans des conditions d\u2019hygi\u00e8ne tr\u00e8s d\u00e9grad\u00e9es.Les personnes atteintes de ce syndrome recueillent un grand nombre d\u2019animaux (chiens, chats, oiseaux, etc.), sans pouvoir leur offrir les soins, l\u2019alimentation ou l\u2019espace n\u00e9cessaires.\" \/>\n<meta property=\"og:url\" content=\"https:\/\/aetcnettoyage.fr\/index.php\/syndrome-de-noe\/\" \/>\n<meta property=\"og:site_name\" content=\"A&amp;C Nettoyage\" \/>\n<meta property=\"article:modified_time\" content=\"2025-10-11T19:53:48+00:00\" \/>\n<meta property=\"og:image\" content=\"https:\/\/aetcnettoyage.fr\/wp-content\/uploads\/2025\/10\/help.png\" \/>\n\t<meta property=\"og:image:width\" content=\"512\" \/>\n\t<meta property=\"og:image:height\" content=\"512\" \/>\n\t<meta property=\"og:image:type\" content=\"image\/png\" \/>\n<meta name=\"twitter:card\" content=\"summary_large_image\" \/>\n<meta name=\"twitter:label1\" content=\"Dur\u00e9e de lecture estim\u00e9e\" \/>\n\t<meta name=\"twitter:data1\" content=\"3 minutes\" \/>\n<script type=\"application\/ld+json\" class=\"yoast-schema-graph\">{\"@context\":\"https:\/\/schema.org\",\"@graph\":[{\"@type\":\"WebPage\",\"@id\":\"https:\/\/aetcnettoyage.fr\/index.php\/syndrome-de-noe\/\",\"url\":\"https:\/\/aetcnettoyage.fr\/index.php\/syndrome-de-noe\/\",\"name\":\"Syndrome de No\u00e9 - A&amp;C Nettoyage\",\"isPartOf\":{\"@id\":\"https:\/\/aetcnettoyage.fr\/#website\"},\"primaryImageOfPage\":{\"@id\":\"https:\/\/aetcnettoyage.fr\/index.php\/syndrome-de-noe\/#primaryimage\"},\"image\":{\"@id\":\"https:\/\/aetcnettoyage.fr\/index.php\/syndrome-de-noe\/#primaryimage\"},\"thumbnailUrl\":\"https:\/\/aetcnettoyage.fr\/wp-content\/uploads\/2025\/10\/help.png\",\"datePublished\":\"2025-06-10T14:56:51+00:00\",\"dateModified\":\"2025-10-11T19:53:48+00:00\",\"description\":\"Le syndrome de No\u00e9 est un trouble comportemental proche du syndrome de Diog\u00e8ne. Il se caract\u00e9rise par l\u2019accumulation compulsive d\u2019animaux au sein du domicile, souvent dans des conditions d\u2019hygi\u00e8ne tr\u00e8s d\u00e9grad\u00e9es.Les personnes atteintes de ce syndrome recueillent un grand nombre d\u2019animaux (chiens, chats, oiseaux, etc.), sans pouvoir leur offrir les soins, l\u2019alimentation ou l\u2019espace n\u00e9cessaires.\",\"breadcrumb\":{\"@id\":\"https:\/\/aetcnettoyage.fr\/index.php\/syndrome-de-noe\/#breadcrumb\"},\"inLanguage\":\"fr-FR\",\"potentialAction\":[{\"@type\":\"ReadAction\",\"target\":[\"https:\/\/aetcnettoyage.fr\/index.php\/syndrome-de-noe\/\"]}]},{\"@type\":\"ImageObject\",\"inLanguage\":\"fr-FR\",\"@id\":\"https:\/\/aetcnettoyage.fr\/index.php\/syndrome-de-noe\/#primaryimage\",\"url\":\"https:\/\/aetcnettoyage.fr\/wp-content\/uploads\/2025\/10\/help.png\",\"contentUrl\":\"https:\/\/aetcnettoyage.fr\/wp-content\/uploads\/2025\/10\/help.png\",\"width\":512,\"height\":512},{\"@type\":\"BreadcrumbList\",\"@id\":\"https:\/\/aetcnettoyage.fr\/index.php\/syndrome-de-noe\/#breadcrumb\",\"itemListElement\":[{\"@type\":\"ListItem\",\"position\":1,\"name\":\"Accueil\",\"item\":\"https:\/\/aetcnettoyage.fr\/\"},{\"@type\":\"ListItem\",\"position\":2,\"name\":\"Syndrome de No\u00e9\"}]},{\"@type\":\"WebSite\",\"@id\":\"https:\/\/aetcnettoyage.fr\/#website\",\"url\":\"https:\/\/aetcnettoyage.fr\/\",\"name\":\"A&amp;C Nettoyage\",\"description\":\"La propret\u00e9 \u00e0 vos c\u00f4t\u00e9s\",\"publisher\":{\"@id\":\"https:\/\/aetcnettoyage.fr\/#organization\"},\"potentialAction\":[{\"@type\":\"SearchAction\",\"target\":{\"@type\":\"EntryPoint\",\"urlTemplate\":\"https:\/\/aetcnettoyage.fr\/?s={search_term_string}\"},\"query-input\":{\"@type\":\"PropertyValueSpecification\",\"valueRequired\":true,\"valueName\":\"search_term_string\"}}],\"inLanguage\":\"fr-FR\"},{\"@type\":\"Organization\",\"@id\":\"https:\/\/aetcnettoyage.fr\/#organization\",\"name\":\"A&C Nettoyage\",\"alternateName\":\"A&C Nettoyage SARL\",\"url\":\"https:\/\/aetcnettoyage.fr\/\",\"logo\":{\"@type\":\"ImageObject\",\"inLanguage\":\"fr-FR\",\"@id\":\"https:\/\/aetcnettoyage.fr\/#\/schema\/logo\/image\/\",\"url\":\"https:\/\/aetcnettoyage.fr\/wp-content\/uploads\/2025\/10\/cropped-Logo-scaled-1.webp\",\"contentUrl\":\"https:\/\/aetcnettoyage.fr\/wp-content\/uploads\/2025\/10\/cropped-Logo-scaled-1.webp\",\"width\":2558,\"height\":1044,\"caption\":\"A&C Nettoyage\"},\"image\":{\"@id\":\"https:\/\/aetcnettoyage.fr\/#\/schema\/logo\/image\/\"},\"sameAs\":[\"https:\/\/fr.linkedin.com\/in\/ac-nettoyage-158708386\"]}]}<\/script>\n<!-- \/ Yoast SEO plugin. -->","yoast_head_json":{"title":"Syndrome de No\u00e9 - A&amp;C Nettoyage","description":"Le syndrome de No\u00e9 est un trouble comportemental proche du syndrome de Diog\u00e8ne. Il se caract\u00e9rise par l\u2019accumulation compulsive d\u2019animaux au sein du domicile, souvent dans des conditions d\u2019hygi\u00e8ne tr\u00e8s d\u00e9grad\u00e9es.Les personnes atteintes de ce syndrome recueillent un grand nombre d\u2019animaux (chiens, chats, oiseaux, etc.), sans pouvoir leur offrir les soins, l\u2019alimentation ou l\u2019espace n\u00e9cessaires.","robots":{"index":"index","follow":"follow","max-snippet":"max-snippet:-1","max-image-preview":"max-image-preview:large","max-video-preview":"max-video-preview:-1"},"canonical":"https:\/\/aetcnettoyage.fr\/index.php\/syndrome-de-noe\/","og_locale":"fr_FR","og_type":"article","og_title":"Syndrome de No\u00e9 - A&amp;C Nettoyage","og_description":"Le syndrome de No\u00e9 est un trouble comportemental proche du syndrome de Diog\u00e8ne. Il se caract\u00e9rise par l\u2019accumulation compulsive d\u2019animaux au sein du domicile, souvent dans des conditions d\u2019hygi\u00e8ne tr\u00e8s d\u00e9grad\u00e9es.Les personnes atteintes de ce syndrome recueillent un grand nombre d\u2019animaux (chiens, chats, oiseaux, etc.), sans pouvoir leur offrir les soins, l\u2019alimentation ou l\u2019espace n\u00e9cessaires.","og_url":"https:\/\/aetcnettoyage.fr\/index.php\/syndrome-de-noe\/","og_site_name":"A&amp;C Nettoyage","article_modified_time":"2025-10-11T19:53:48+00:00","og_image":[{"width":512,"height":512,"url":"https:\/\/aetcnettoyage.fr\/wp-content\/uploads\/2025\/10\/help.png","type":"image\/png"}],"twitter_card":"summary_large_image","twitter_misc":{"Dur\u00e9e de lecture estim\u00e9e":"3 minutes"},"schema":{"@context":"https:\/\/schema.org","@graph":[{"@type":"WebPage","@id":"https:\/\/aetcnettoyage.fr\/index.php\/syndrome-de-noe\/","url":"https:\/\/aetcnettoyage.fr\/index.php\/syndrome-de-noe\/","name":"Syndrome de No\u00e9 - A&amp;C Nettoyage","isPartOf":{"@id":"https:\/\/aetcnettoyage.fr\/#website"},"primaryImageOfPage":{"@id":"https:\/\/aetcnettoyage.fr\/index.php\/syndrome-de-noe\/#primaryimage"},"image":{"@id":"https:\/\/aetcnettoyage.fr\/index.php\/syndrome-de-noe\/#primaryimage"},"thumbnailUrl":"https:\/\/aetcnettoyage.fr\/wp-content\/uploads\/2025\/10\/help.png","datePublished":"2025-06-10T14:56:51+00:00","dateModified":"2025-10-11T19:53:48+00:00","description":"Le syndrome de No\u00e9 est un trouble comportemental proche du syndrome de Diog\u00e8ne. Il se caract\u00e9rise par l\u2019accumulation compulsive d\u2019animaux au sein du domicile, souvent dans des conditions d\u2019hygi\u00e8ne tr\u00e8s d\u00e9grad\u00e9es.Les personnes atteintes de ce syndrome recueillent un grand nombre d\u2019animaux (chiens, chats, oiseaux, etc.), sans pouvoir leur offrir les soins, l\u2019alimentation ou l\u2019espace n\u00e9cessaires.","breadcrumb":{"@id":"https:\/\/aetcnettoyage.fr\/index.php\/syndrome-de-noe\/#breadcrumb"},"inLanguage":"fr-FR","potentialAction":[{"@type":"ReadAction","target":["https:\/\/aetcnettoyage.fr\/index.php\/syndrome-de-noe\/"]}]},{"@type":"ImageObject","inLanguage":"fr-FR","@id":"https:\/\/aetcnettoyage.fr\/index.php\/syndrome-de-noe\/#primaryimage","url":"https:\/\/aetcnettoyage.fr\/wp-content\/uploads\/2025\/10\/help.png","contentUrl":"https:\/\/aetcnettoyage.fr\/wp-content\/uploads\/2025\/10\/help.png","width":512,"height":512},{"@type":"BreadcrumbList","@id":"https:\/\/aetcnettoyage.fr\/index.php\/syndrome-de-noe\/#breadcrumb","itemListElement":[{"@type":"ListItem","position":1,"name":"Accueil","item":"https:\/\/aetcnettoyage.fr\/"},{"@type":"ListItem","position":2,"name":"Syndrome de No\u00e9"}]},{"@type":"WebSite","@id":"https:\/\/aetcnettoyage.fr\/#website","url":"https:\/\/aetcnettoyage.fr\/","name":"A&amp;C Nettoyage","description":"La propret\u00e9 \u00e0 vos c\u00f4t\u00e9s","publisher":{"@id":"https:\/\/aetcnettoyage.fr\/#organization"},"potentialAction":[{"@type":"SearchAction","target":{"@type":"EntryPoint","urlTemplate":"https:\/\/aetcnettoyage.fr\/?s={search_term_string}"},"query-input":{"@type":"PropertyValueSpecification","valueRequired":true,"valueName":"search_term_string"}}],"inLanguage":"fr-FR"},{"@type":"Organization","@id":"https:\/\/aetcnettoyage.fr\/#organization","name":"A&C Nettoyage","alternateName":"A&C Nettoyage SARL","url":"https:\/\/aetcnettoyage.fr\/","logo":{"@type":"ImageObject","inLanguage":"fr-FR","@id":"https:\/\/aetcnettoyage.fr\/#\/schema\/logo\/image\/","url":"https:\/\/aetcnettoyage.fr\/wp-content\/uploads\/2025\/10\/cropped-Logo-scaled-1.webp","contentUrl":"https:\/\/aetcnettoyage.fr\/wp-content\/uploads\/2025\/10\/cropped-Logo-scaled-1.webp","width":2558,"height":1044,"caption":"A&C Nettoyage"},"image":{"@id":"https:\/\/aetcnettoyage.fr\/#\/schema\/logo\/image\/"},"sameAs":["https:\/\/fr.linkedin.com\/in\/ac-nettoyage-158708386"]}]}},"_links":{"self":[{"href":"https:\/\/aetcnettoyage.fr\/index.php\/wp-json\/wp\/v2\/pages\/29","targetHints":{"allow":["GET"]}}],"collection":[{"href":"https:\/\/aetcnettoyage.fr\/index.php\/wp-json\/wp\/v2\/pages"}],"about":[{"href":"https:\/\/aetcnettoyage.fr\/index.php\/wp-json\/wp\/v2\/types\/page"}],"author":[{"embeddable":true,"href":"https:\/\/aetcnettoyage.fr\/index.php\/wp-json\/wp\/v2\/users\/1"}],"replies":[{"embeddable":true,"href":"https:\/\/aetcnettoyage.fr\/index.php\/wp-json\/wp\/v2\/comments?post=29"}],"version-history":[{"count":53,"href":"https:\/\/aetcnettoyage.fr\/index.php\/wp-json\/wp\/v2\/pages\/29\/revisions"}],"predecessor-version":[{"id":431,"href":"https:\/\/aetcnettoyage.fr\/index.php\/wp-json\/wp\/v2\/pages\/29\/revisions\/431"}],"wp:attachment":[{"href":"https:\/\/aetcnettoyage.fr\/index.php\/wp-json\/wp\/v2\/media?parent=29"}],"curies":[{"name":"wp","href":"https:\/\/api.w.org\/{rel}","templated":true}]}}